{"id":27,"date":"2024-09-25T12:48:34","date_gmt":"2024-09-25T12:48:34","guid":{"rendered":"https:\/\/www.sibourg.louisst.o2switch.site\/blog\/?page_id=27"},"modified":"2024-11-20T12:27:33","modified_gmt":"2024-11-20T12:27:33","slug":"contenue-de-la-formation-active","status":"publish","type":"page","link":"https:\/\/www.sibourg.louisst.o2switch.site\/blog\/contenue-de-la-formation-active\/","title":{"rendered":"Ma formation"},"content":{"rendered":"\n<div class=\"wp-block-columns is-layout-flex wp-container-core-columns-is-layout-28f84493 wp-block-columns-is-layout-flex\">\n<div class=\"wp-block-column is-layout-flow wp-block-column-is-layout-flow\" style=\"flex-basis:100%\">\n<div><iframe src=\"https:\/\/maps.google.com\/maps?q=+38+Rue+Pierre+Dupont%2C+69001+Lyon&amp;z=15&amp;t=m&amp;output=embed\" style=\"border:0;height:291px;width:100%\"><\/iframe><\/div>\n<\/div>\n<\/div>\n\n\n\n<p>L\u2019\u00c9cole Sup\u2019ALTA de Lyon 1er est un \u00e9tablissement d\u2019enseignement sup\u00e9rieur reconnu pour ses formations de qualit\u00e9 dans les domaines du commerce, du management, et des m\u00e9tiers de la vente. Le campus h\u00e9berge 3 \u00e9tablissements : Saint Louis Saint Bruno, Les Chartreux et L&rsquo;IRCOM. Situ\u00e9e en plein c\u0153ur de Lyon, cette \u00e9cole b\u00e9n\u00e9ficie d\u2019une localisation id\u00e9ale, au sein d\u2019un quartier dynamique et propice \u00e0 l\u2019\u00e9change culturel et professionnel.<\/p>\n\n\n\n<p>L\u2019\u00c9cole Sup\u2019ALTA propose des programmes vari\u00e9s, notamment des BTS, des formations professionnelles et des cursus adapt\u00e9s aux exigences des entreprises modernes. <\/p>\n\n\n\n<p>L\u2019accompagnement personnalis\u00e9 et l\u2019environnement \u00e0 taille humaine permettent aux \u00e9tudiants de se pr\u00e9parer efficacement \u00e0 int\u00e9grer le monde du travail, tout en b\u00e9n\u00e9ficiant d\u2019un suivi p\u00e9dagogique attentif. L\u2019\u00e9cole met \u00e9galement en avant une approche p\u00e9dagogique innovante, alliant digitalisation et m\u00e9thodes traditionnelles, pour favoriser la r\u00e9ussite de ses \u00e9tudiants dans un march\u00e9 de l\u2019emploi en constante \u00e9volution.<\/p>\n\n\n\n<p>Me concernant , je suis scolaris\u00e9 a l&rsquo;\u00e9tablissements Saint Louis Saint Bruno ou j&rsquo;y etudie une formation de BTS NDRC. Le BTS NDRC (N\u00e9gociation et Digitalisation de la Relation Client) est un dipl\u00f4me Bac+2 qui forme des experts dans le domaine de la vente et de la gestion de la relation client. Cette formation pr\u00e9pare les \u00e9tudiants \u00e0 des m\u00e9tiers commerciaux modernes o\u00f9 la digitalisation est essentielle.<\/p>\n\n\n\n<p>Avec un BTS NDRC, les dipl\u00f4m\u00e9s peuvent occuper divers postes tels que commercial, conseiller client\u00e8le, charg\u00e9 de relation client ou responsable de vente. Ils peuvent \u00e9galement poursuivre leurs \u00e9tudes en licence professionnelle ou bachelor dans le domaine du commerce et du marketing.<\/p>\n\n\n\n<p>Cette formation est id\u00e9ale pour ceux qui appr\u00e9cient le contact humain, sont \u00e0 l\u2019aise avec les outils num\u00e9riques et ont un bon sens de l\u2019organisation.<\/p>\n\n\n\n<figure class=\"wp-block-image aligncenter size-full is-resized has-custom-border wp-duotone-grayscale\"><img loading=\"lazy\" decoding=\"async\" width=\"735\" height=\"396\" src=\"https:\/\/www.sibourg.louisst.o2switch.site\/blog\/wp-content\/uploads\/2024\/11\/Capture-decran-2024-11-04-a-12.21.53.png\" alt=\"\" class=\"wp-image-132\" style=\"border-style:none;border-width:0px;border-radius:38px;width:739px\" srcset=\"https:\/\/www.sibourg.louisst.o2switch.site\/blog\/wp-content\/uploads\/2024\/11\/Capture-decran-2024-11-04-a-12.21.53.png 735w, https:\/\/www.sibourg.louisst.o2switch.site\/blog\/wp-content\/uploads\/2024\/11\/Capture-decran-2024-11-04-a-12.21.53-300x162.png 300w\" sizes=\"auto, (max-width: 735px) 100vw, 735px\" \/><\/figure>\n\n\n\n<p><\/p>\n\n\n\n<p><\/p>\n","protected":false},"excerpt":{"rendered":"<p>L\u2019\u00c9cole Sup\u2019ALTA de Lyon 1er est un \u00e9tablissement d\u2019enseignement sup\u00e9rieur reconnu pour ses formations de qualit\u00e9 dans les domaines du [&hellip;]<\/p>\n","protected":false},"author":1,"featured_media":243,"parent":0,"menu_order":0,"comment_status":"closed","ping_status":"closed","template":"","meta":{"_uag_custom_page_level_css":"","site-sidebar-layout":"default","site-content-layout":"","ast-site-content-layout":"","site-content-style":"default","site-sidebar-style":"default","ast-global-header-display":"","ast-banner-title-visibility":"","ast-main-header-display":"","ast-hfb-above-header-display":"","ast-hfb-below-header-display":"","ast-hfb-mobile-header-display":"","site-post-title":"","ast-breadcrumbs-content":"","ast-featured-img":"disabled","footer-sml-layout":"","theme-transparent-header-meta":"","adv-header-id-meta":"","stick-header-meta":"","header-above-stick-meta":"","header-main-stick-meta":"","header-below-stick-meta":"","astra-migrate-meta-layouts":"default","ast-page-background-enabled":"default","ast-page-background-meta":{"desktop":{"background-color":"var(--ast-global-color-4)","background-image":"","background-repeat":"repeat","background-position":"center center","background-size":"auto","background-attachment":"scroll","background-type":"","background-media":"","overlay-type":"","overlay-color":"","overlay-opacity":"","overlay-gradient":""},"tablet":{"background-color":"","background-image":"","background-repeat":"repeat","background-position":"center center","background-size":"auto","background-attachment":"scroll","background-type":"","background-media":"","overlay-type":"","overlay-color":"","overlay-opacity":"","overlay-gradient":""},"mobile":{"background-color":"","background-image":"","background-repeat":"repeat","background-position":"center center","background-size":"auto","background-attachment":"scroll","background-type":"","background-media":"","overlay-type":"","overlay-color":"","overlay-opacity":"","overlay-gradient":""}},"ast-content-background-meta":{"desktop":{"background-color":"var(--ast-global-color-5)","background-image":"","background-repeat":"repeat","background-position":"center center","background-size":"auto","background-attachment":"scroll","background-type":"","background-media":"","overlay-type":"","overlay-color":"","overlay-opacity":"","overlay-gradient":""},"tablet":{"background-color":"var(--ast-global-color-5)","background-image":"","background-repeat":"repeat","background-position":"center center","background-size":"auto","background-attachment":"scroll","background-type":"","background-media":"","overlay-type":"","overlay-color":"","overlay-opacity":"","overlay-gradient":""},"mobile":{"background-color":"var(--ast-global-color-5)","background-image":"","background-repeat":"repeat","background-position":"center center","background-size":"auto","background-attachment":"scroll","background-type":"","background-media":"","overlay-type":"","overlay-color":"","overlay-opacity":"","overlay-gradient":""}},"footnotes":""},"class_list":["post-27","page","type-page","status-publish","has-post-thumbnail","hentry"],"uagb_featured_image_src":{"full":["https:\/\/www.sibourg.louisst.o2switch.site\/blog\/wp-content\/uploads\/2024\/11\/study-7217599_640.jpg",640,451,false],"thumbnail":["https:\/\/www.sibourg.louisst.o2switch.site\/blog\/wp-content\/uploads\/2024\/11\/study-7217599_640-150x150.jpg",150,150,true],"medium":["https:\/\/www.sibourg.louisst.o2switch.site\/blog\/wp-content\/uploads\/2024\/11\/study-7217599_640-300x211.jpg",300,211,true],"medium_large":["https:\/\/www.sibourg.louisst.o2switch.site\/blog\/wp-content\/uploads\/2024\/11\/study-7217599_640.jpg",640,451,false],"large":["https:\/\/www.sibourg.louisst.o2switch.site\/blog\/wp-content\/uploads\/2024\/11\/study-7217599_640.jpg",640,451,false],"1536x1536":["https:\/\/www.sibourg.louisst.o2switch.site\/blog\/wp-content\/uploads\/2024\/11\/study-7217599_640.jpg",640,451,false],"2048x2048":["https:\/\/www.sibourg.louisst.o2switch.site\/blog\/wp-content\/uploads\/2024\/11\/study-7217599_640.jpg",640,451,false]},"uagb_author_info":{"display_name":"admin","author_link":"https:\/\/www.sibourg.louisst.o2switch.site\/blog\/author\/admin\/"},"uagb_comment_info":0,"uagb_excerpt":"L\u2019\u00c9cole Sup\u2019ALTA de Lyon 1er est un \u00e9tablissement d\u2019enseignement sup\u00e9rieur reconnu pour ses formations de qualit\u00e9 dans les domaines du [&hellip;]","_links":{"self":[{"href":"https:\/\/www.sibourg.louisst.o2switch.site\/blog\/wp-json\/wp\/v2\/pages\/27","targetHints":{"allow":["GET"]}}],"collection":[{"href":"https:\/\/www.sibourg.louisst.o2switch.site\/blog\/wp-json\/wp\/v2\/pages"}],"about":[{"href":"https:\/\/www.sibourg.louisst.o2switch.site\/blog\/wp-json\/wp\/v2\/types\/page"}],"author":[{"embeddable":true,"href":"https:\/\/www.sibourg.louisst.o2switch.site\/blog\/wp-json\/wp\/v2\/users\/1"}],"replies":[{"embeddable":true,"href":"https:\/\/www.sibourg.louisst.o2switch.site\/blog\/wp-json\/wp\/v2\/comments?post=27"}],"version-history":[{"count":6,"href":"https:\/\/www.sibourg.louisst.o2switch.site\/blog\/wp-json\/wp\/v2\/pages\/27\/revisions"}],"predecessor-version":[{"id":244,"href":"https:\/\/www.sibourg.louisst.o2switch.site\/blog\/wp-json\/wp\/v2\/pages\/27\/revisions\/244"}],"wp:featuredmedia":[{"embeddable":true,"href":"https:\/\/www.sibourg.louisst.o2switch.site\/blog\/wp-json\/wp\/v2\/media\/243"}],"wp:attachment":[{"href":"https:\/\/www.sibourg.louisst.o2switch.site\/blog\/wp-json\/wp\/v2\/media?parent=27"}],"curies":[{"name":"wp","href":"https:\/\/api.w.org\/{rel}","templated":true}]}}